{"id":1477,"date":"2024-11-22T12:20:20","date_gmt":"2024-11-22T11:20:20","guid":{"rendered":"https:\/\/www.maximilianhoefe.com\/building\/"},"modified":"2025-08-21T13:35:35","modified_gmt":"2025-08-21T11:35:35","slug":"gebaude","status":"publish","type":"page","link":"https:\/\/www.maximilianhoefe.com\/de\/gebaude\/","title":{"rendered":"Das Geb\u00e4ude"},"content":{"rendered":"\n<div class=\"hero-block image full-width \">\n\t<div class='hero-block__wrapper stop'>\n\t\t\n\t\t\t\t\t<img loading=\"lazy\" decoding=\"async\" width=\"1920\" height=\"752\" src=\"https:\/\/www.maximilianhoefe.com\/wp-content\/uploads\/2025\/02\/AXO015_N830_medium_wide-1920x752.jpg\" class=\"attachment-banner size-banner\" alt=\"maximilianh\u00f6fe\" srcset=\"https:\/\/www.maximilianhoefe.com\/wp-content\/uploads\/2025\/02\/AXO015_N830_medium_wide-1920x752.jpg 1920w, https:\/\/www.maximilianhoefe.com\/wp-content\/uploads\/2025\/02\/AXO015_N830_medium_wide-300x117.jpg 300w, https:\/\/www.maximilianhoefe.com\/wp-content\/uploads\/2025\/02\/AXO015_N830_medium_wide-1024x401.jpg 1024w, https:\/\/www.maximilianhoefe.com\/wp-content\/uploads\/2025\/02\/AXO015_N830_medium_wide-768x301.jpg 768w, https:\/\/www.maximilianhoefe.com\/wp-content\/uploads\/2025\/02\/AXO015_N830_medium_wide-400x157.jpg 400w, https:\/\/www.maximilianhoefe.com\/wp-content\/uploads\/2025\/02\/AXO015_N830_medium_wide.jpg 2000w\" sizes=\"auto, (max-width: 1920px) 100vw, 1920px\" \/>\t\t\n\t\t<div class=\"hero-block__content page-width \">\n\t\t\t\t\t\t\t<h1 class='hero-block__title'>Das Geb\u00e4ude<\/h1>\n\t\t\t\t\t\t\t\t\t\t\t<\/div>\n\n\t\t\t<\/div>\n<\/div>\n\n\n\n<div class=\"media-text text-img animation white\" id=\"block_0fcd79aadac0345588341eaaf6f2b4f3\">\n\t<div class='media-text__wrapper'>\n\t\t\t\t\t<div class='media-text__media'>\n\t\t\t\t\t\t\t\t\t<img loading=\"lazy\" decoding=\"async\" width=\"865\" height=\"705\" src=\"https:\/\/www.maximilianhoefe.com\/wp-content\/uploads\/2019\/07\/historic.jpg\" class=\"attachment-banner size-banner\" alt=\"\" srcset=\"https:\/\/www.maximilianhoefe.com\/wp-content\/uploads\/2019\/07\/historic.jpg 865w, https:\/\/www.maximilianhoefe.com\/wp-content\/uploads\/2019\/07\/historic-300x245.jpg 300w, https:\/\/www.maximilianhoefe.com\/wp-content\/uploads\/2019\/07\/historic-768x626.jpg 768w, https:\/\/www.maximilianhoefe.com\/wp-content\/uploads\/2019\/07\/historic-785x640.jpg 785w, https:\/\/www.maximilianhoefe.com\/wp-content\/uploads\/2019\/07\/historic-240x196.jpg 240w, https:\/\/www.maximilianhoefe.com\/wp-content\/uploads\/2019\/07\/historic-820x668.jpg 820w\" sizes=\"auto, (max-width: 865px) 100vw, 865px\" \/>\t\t\t\t\t\t\t\t\t\t\t\t<\/div>\n\t\t\t\t<div class='media-text__content'>\n\t\t\t<svg class='media-text__content__img' width=\"433\" height=\"781\" viewBox=\"0 0 433 781\" fill=\"none\" xmlns=\"http:\/\/www.w3.org\/2000\/svg\">\n\t\t\t\t<path d=\"M2.36053 782H776.704C787.513 580.471 765.154 304.398 598.825 127.045C498.995 20.5618 395.7 1.18512 391.327 0.414791L388.893 0L386.5 0.711071C161.594 70.0997 68.9002 277.851 30.742 439.916C-10.3039 614.306 1.41173 770.09 1.94801 776.667L2.36053 782Z\" fill=\"white\"\/>\n\t\t\t<\/svg>\n\t\t\t\t\t\t\t<h2 class='media-text__title'>Tradition trifft Moderne<\/h2>\n\t\t\t\t\t\t\t\t\t\t<div class='media-text__text'>\n\t\t\t\t\t<p>Die Maximilianstra\u00dfe wurde im Jahr 1850 per k\u00f6niglichem Dekret von K\u00f6nig Maximilian II. von Bayern erbaut. Seine Vision war es, traditionelle Architekturstile mit modernen Einfl\u00fcssen zu vereinen. Mit der Umsetzung dieses ambitionierten Plans wurde der renommierte Architekt des 19. Jahrhunderts, Georg B\u00fcrklein, beauftragt.<\/p>\n<p>&nbsp;<\/p>\n<p>F\u00fcr die Maximilianstra\u00dfe kombinierte B\u00fcrklein geschickt neogotische und Renaissance-Architektur, wodurch ein einzigartiger Stil entstand. Im Kontrast dazu steht der moderne, glasverkleidete Maximilianbau, der 2003 erbaut wurde. Heute beherbergt er f\u00fchrende Unternehmen, Luxus-Einzelh\u00e4ndler und ein elegantes Restaurant, das sich zu einem charmanten Innenhof \u00f6ffnet.<\/p>\n\t\t\t\t<\/div>\n\t\t\t\t\t\t\t\t<\/div>\n\t<\/div>\n<\/div>\n\n\n\n<div class=\"media-text img-text animation white\" id=\"block_8f9986306cc6b799f50d8d6b20143736\">\n\t<div class='media-text__wrapper'>\n\t\t\t\t\t<div class='media-text__media'>\n\t\t\t\t\t\t\t\t\t<img loading=\"lazy\" decoding=\"async\" width=\"1920\" height=\"1280\" src=\"https:\/\/www.maximilianhoefe.com\/wp-content\/uploads\/2025\/01\/AXO015_N310-1920x1280.jpg\" class=\"attachment-banner size-banner\" alt=\"\" srcset=\"https:\/\/www.maximilianhoefe.com\/wp-content\/uploads\/2025\/01\/AXO015_N310-1920x1280.jpg 1920w, https:\/\/www.maximilianhoefe.com\/wp-content\/uploads\/2025\/01\/AXO015_N310-300x200.jpg 300w, https:\/\/www.maximilianhoefe.com\/wp-content\/uploads\/2025\/01\/AXO015_N310-1024x683.jpg 1024w, https:\/\/www.maximilianhoefe.com\/wp-content\/uploads\/2025\/01\/AXO015_N310-768x512.jpg 768w, https:\/\/www.maximilianhoefe.com\/wp-content\/uploads\/2025\/01\/AXO015_N310-400x267.jpg 400w\" sizes=\"auto, (max-width: 1920px) 100vw, 1920px\" \/>\t\t\t\t\t\t\t\t\t\t\t\t<\/div>\n\t\t\t\t<div class='media-text__content'>\n\t\t\t<svg class='media-text__content__img' width=\"433\" height=\"781\" viewBox=\"0 0 433 781\" fill=\"none\" xmlns=\"http:\/\/www.w3.org\/2000\/svg\">\n\t\t\t\t<path d=\"M2.36053 782H776.704C787.513 580.471 765.154 304.398 598.825 127.045C498.995 20.5618 395.7 1.18512 391.327 0.414791L388.893 0L386.5 0.711071C161.594 70.0997 68.9002 277.851 30.742 439.916C-10.3039 614.306 1.41173 770.09 1.94801 776.667L2.36053 782Z\" fill=\"white\"\/>\n\t\t\t<\/svg>\n\t\t\t\t\t\t\t<h2 class='media-text__title'>Zwei Geb\u00e4ude <br \/>\r\nEine Adresse<\/h2>\n\t\t\t\t\t\t\t\t\t\t<div class='media-text__text'>\n\t\t\t\t\t<p>Im Einklang mit K\u00f6nig Maximilians Vision vereinen die Maximilianh\u00f6fe moderne und traditionelle Elemente. Der pr\u00e4chtige B\u00fcrkleinbau ist direkt von der Maximilianstra\u00dfe zug\u00e4nglich, w\u00e4hrend die Glasfassade des Maximilianbaus den Blick auf den Innenhof und Marstallplatz freigibt.<\/p>\n\t\t\t\t<\/div>\n\t\t\t\t\t\t\t\t\t\t<div class='media-text__btn-wrapper btn-wrapper align-left'>\n\t\t\t\t\t<a\n\tclass=\"media-text__btn button\"\n\thref=\"https:\/\/www.maximilianhoefe.com\/de\/buroflachen\"\n\ttarget=\"_self\"\n\t>\n\tMehr erfahren<\/a>\n\t\t\t\t<\/div>\n\t\t\t\t\t<\/div>\n\t<\/div>\n<\/div>\n\n\n\n<div class=\"media-text text-img animation white\" id=\"block_0e31c95972f7a29e3996f4b9dea7e60d\">\n\t<div class='media-text__wrapper'>\n\t\t\t\t\t<div class='media-text__media'>\n\t\t\t\t\t\t\t\t\t<video autoplay muted loop id=\"\" playsinline poster=\"\">\n\t\t\t\t\t\t<source src=\"https:\/\/www.maximilianhoefe.com\/wp-content\/uploads\/2024\/12\/Untitled-design.mp4\" type=\"video\/mp4\">\n\t\t\t\t\t<\/video>\n\t\t\t\t\t\t\t<\/div>\n\t\t\t\t<div class='media-text__content'>\n\t\t\t<svg class='media-text__content__img' width=\"433\" height=\"781\" viewBox=\"0 0 433 781\" fill=\"none\" xmlns=\"http:\/\/www.w3.org\/2000\/svg\">\n\t\t\t\t<path d=\"M2.36053 782H776.704C787.513 580.471 765.154 304.398 598.825 127.045C498.995 20.5618 395.7 1.18512 391.327 0.414791L388.893 0L386.5 0.711071C161.594 70.0997 68.9002 277.851 30.742 439.916C-10.3039 614.306 1.41173 770.09 1.94801 776.667L2.36053 782Z\" fill=\"white\"\/>\n\t\t\t<\/svg>\n\t\t\t\t\t\t\t<h2 class='media-text__title'>Im Herzen M\u00fcnchens<\/h2>\n\t\t\t\t\t\t\t\t\t\t<div class='media-text__text'>\n\t\t\t\t\t<p>Die Maximilianh\u00f6fe befinden sich in einer erstklassigen Lage zwischen zwei der bekanntesten Wahrzeichen M\u00fcnchens: der Bayerischen Staatsoper und dem Kempinski Hotel Vier Jahreszeiten. Umgeben von bedeutenden kulturellen und politischen Institutionen wie dem Bayerischen Landtag, der Residenz und dem Englischen Garten, bietet diese Adresse ein herausragendes Arbeitsumfeld. Hochwertiger Einzelhandel und gehobene Gastronomie machen sie zu einer der exklusivsten Adressen Deutschlands.<\/p>\n\t\t\t\t<\/div>\n\t\t\t\t\t\t\t\t\t\t<div class='media-text__btn-wrapper btn-wrapper align-left'>\n\t\t\t\t\t<a\n\tclass=\"media-text__btn button\"\n\thref=\"https:\/\/www.maximilianhoefe.com\/de\/standort\"\n\ttarget=\"_self\"\n\t>\n\tMehr erfahren<\/a>\n\t\t\t\t<\/div>\n\t\t\t\t\t<\/div>\n\t<\/div>\n<\/div>\n\n\n\n<div class=\"cards-block white\" id=\"block_fd563ddb7a688dfaae1e4f533778785c\">\n\t<div class='cards-block__main'>\n\t\t<div class='cards-block__wrapper page-width page-width-small'>\n\t\t\t\t\t\t\t\t\t\t\t\t<h2 class='cards-block__title reduced'>Geb\u00e4ude-Highlights<\/h2>\n\t\t\t\t\t\t\t\t\t\t\t\t\t\t\t\t\t\t\t\t\t\t\t\t\t\t\t\n\t<ul class='cards-block__list image'>\n\t\t\t\t\t\t\t\t\t\t\t\t\t\t\t\t\t\t\t\t\t\t\t<li class='cards-block__item'>\n\t\t\t\t\t\t\t\t\t<div class='cards-block__item__media'>\n\t\t\t\t\t\t\t\t\t\t\t\t\t<img loading=\"lazy\" decoding=\"async\" width=\"412\" height=\"235\" src=\"https:\/\/www.maximilianhoefe.com\/wp-content\/uploads\/2024\/12\/ETRO-Event-04-730x548-1-412x235.jpg\" class=\"attachment-card size-card\" alt=\"\" \/>\t\t\t\t\t\t\t\t\t\t\t<\/div>\n\t\t\t\t\t\t\t\t\t\t\t\t\t<p class='cards-block__item__subtitle h3'>Exklusive Marken<\/p>\n\t\t\t\t\t\t\t\t\t\t\t\t\t<div class='cards-block__item__text'>\n\t\t\t\t\t\t<p>Gemeinsam mit unseren Einzelhandelspartnern machen wir die Maximilianh\u00f6fe zu einer erstklassigen Adresse f\u00fcr alle, die luxuri\u00f6se und gleichzeitig innovative Einkaufserlebnisse suchen. Tradition und moderne Eleganz verschmelzen hier zu einem einzigartigen Ambiente, in dem Premium-Marken ein au\u00dfergew\u00f6hnliches Einkaufserlebnis bieten.<\/p>\n\t\t\t\t\t<\/div>\n\t\t\t\t\t\t\t<\/li>\n\t\t\t\t\t\t\t\t\t\t\t\t\t\t\t\t\t\t\t\t\t\t\t<li class='cards-block__item'>\n\t\t\t\t\t\t\t\t\t<div class='cards-block__item__media'>\n\t\t\t\t\t\t\t\t\t\t\t\t\t<img loading=\"lazy\" decoding=\"async\" width=\"412\" height=\"235\" src=\"https:\/\/www.maximilianhoefe.com\/wp-content\/uploads\/2024\/12\/C_241106-412x235.jpg\" class=\"attachment-card size-card\" alt=\"\" srcset=\"https:\/\/www.maximilianhoefe.com\/wp-content\/uploads\/2024\/12\/C_241106-412x235.jpg 412w, https:\/\/www.maximilianhoefe.com\/wp-content\/uploads\/2024\/12\/C_241106-866x495.jpg 866w\" sizes=\"auto, (max-width: 412px) 100vw, 412px\" \/>\t\t\t\t\t\t\t\t\t\t\t<\/div>\n\t\t\t\t\t\t\t\t\t\t\t\t\t<p class='cards-block__item__subtitle h3'>Mobilit\u00e4t<\/p>\n\t\t\t\t\t\t\t\t\t\t\t\t\t<div class='cards-block__item__text'>\n\t\t\t\t\t\t<p>Zur Unterst\u00fctzung von umweltfreundlicher Mobilit\u00e4t und einem gesunden Lebensstil bietet das Geb\u00e4ude einen gut zug\u00e4nglichen und sicheren Fahrradraum.<\/p>\n\t\t\t\t\t<\/div>\n\t\t\t\t\t\t\t<\/li>\n\t\t\t\t\t\t\t\t\t\t\t\t\t\t\t\t\t\t\t\t\t\t\t<li class='cards-block__item'>\n\t\t\t\t\t\t\t\t\t<div class='cards-block__item__media'>\n\t\t\t\t\t\t\t\t\t\t\t\t\t<video autoplay muted loop id=\"\" playsinline poster=\"\" preload=\"meta\">\n\t\t\t\t\t\t\t\t<source src=\"https:\/\/www.maximilianhoefe.com\/wp-content\/uploads\/2024\/12\/grill.mp4\" type=\"video\/mp4\">\n\t\t\t\t\t\t\t<\/video>\n\t\t\t\t\t\t\t\t\t\t\t<\/div>\n\t\t\t\t\t\t\t\t\t\t\t\t\t<p class='cards-block__item__subtitle h3'>Fine Dining<\/p>\n\t\t\t\t\t\t\t\t\t\t\t\t\t<div class='cards-block__item__text'>\n\t\t\t\t\t\t<p>Das Restaurant Brenner begeistert mit beeindruckender Architektur, einer gem\u00fctlichen Atmosph\u00e4re und exquisiten Speisen und Getr\u00e4nken. Lassen Sie sich in einem au\u00dfergew\u00f6hnlichen Ambiente verw\u00f6hnen. Ob bei gesch\u00e4ftlichen Anl\u00e4ssen oder f\u00fcr genussvolle Momente \u2013 das Brenner bietet ein unverwechselbares kulinarisches Erlebnis im Herzen M\u00fcnchens.<\/p>\n\t\t\t\t\t<\/div>\n\t\t\t\t\t\t\t<\/li>\n\t\t\t<\/ul>\n\t\t\t\t\t\t\t\t\t\t<\/div>\n\t<\/div>\n\n\t<div class='cards-block__shape shape'>\n\t\t<div class='cards-block__shape__wrapper shape-wrapper'>\n\t\t\t<div class='small'><\/div>\n\t\t\t<div class='large'><\/div>\n\t\t<\/div>\n\t<\/div>\n<\/div>\n\n\n\n<div class=\"map-block\" id=\"block_91031e374fcc1f0d8e22e47d6a57004d\">\n\t\t\t<h2 class='map-block__title page-width'>Adresse<\/h2>\n\t\t<div class='map-block__wrapper page-width page-width-small'>\n\t\t<div class='map-block__content'>\n\t\t\t\t\t\t\t<div class='map-block__text'>\n\t\t\t\t\t<h3>Maximilianh\u00f6fe<\/h3>\n<p>Maximilianstra\u00dfe 11-15<br \/>\n80539 M\u00fcnchen, Deutschland<\/p>\n<p>Telefon +<a href=\"tel:+49894522880\">49 89 4522880<\/a><\/p>\n\t\t\t\t<\/div>\n\t\t\t\t\t\t\t\t\t\t<a\n\tclass=\"map-block__btn button\"\n\thref=\"https:\/\/maps.app.goo.gl\/kerAhF7TpFxwz7Hx5\"\n\ttarget=\"_blank\"\n\t>\n\tANFAHRT ANZEIGEN<\/a>\n\t\t\t\t\t<\/div>\n\t\t<div>\n\t\t\t<a class='map-block__map' href=\"https:\/\/maps.app.goo.gl\/kerAhF7TpFxwz7Hx5\" target=\"_blank\">\n\t\t\t\t<div class=\"map-block__media mobile\">\n\t\t\t\t\t\t\t\t\t\t\t<img loading=\"lazy\" decoding=\"async\" width=\"824\" height=\"855\" src=\"https:\/\/www.maximilianhoefe.com\/wp-content\/uploads\/2024\/11\/map-mob.png\" class=\"attachment-large size-large\" alt=\"\" srcset=\"https:\/\/www.maximilianhoefe.com\/wp-content\/uploads\/2024\/11\/map-mob.png 824w, https:\/\/www.maximilianhoefe.com\/wp-content\/uploads\/2024\/11\/map-mob-289x300.png 289w, https:\/\/www.maximilianhoefe.com\/wp-content\/uploads\/2024\/11\/map-mob-768x797.png 768w, https:\/\/www.maximilianhoefe.com\/wp-content\/uploads\/2024\/11\/map-mob-385x400.png 385w\" sizes=\"auto, (max-width: 824px) 100vw, 824px\" \/>\t\t\t\t\t\t\t\t\t<\/div>\n\t\t\t\t<div class='map-block__media desktop'><img loading=\"lazy\" decoding=\"async\" width=\"866\" height=\"495\" src=\"https:\/\/www.maximilianhoefe.com\/wp-content\/uploads\/2024\/11\/map-866x495.jpg\" class=\"attachment-map size-map\" alt=\"\" srcset=\"https:\/\/www.maximilianhoefe.com\/wp-content\/uploads\/2024\/11\/map-866x495.jpg 866w, https:\/\/www.maximilianhoefe.com\/wp-content\/uploads\/2024\/11\/map-300x172.jpg 300w, https:\/\/www.maximilianhoefe.com\/wp-content\/uploads\/2024\/11\/map-1024x586.jpg 1024w, https:\/\/www.maximilianhoefe.com\/wp-content\/uploads\/2024\/11\/map-768x440.jpg 768w, https:\/\/www.maximilianhoefe.com\/wp-content\/uploads\/2024\/11\/map-412x235.jpg 412w, https:\/\/www.maximilianhoefe.com\/wp-content\/uploads\/2024\/11\/map-400x229.jpg 400w, https:\/\/www.maximilianhoefe.com\/wp-content\/uploads\/2024\/11\/map.jpg 1265w\" sizes=\"auto, (max-width: 866px) 100vw, 866px\" \/><\/div>\n\t\t\t<\/a>\n\t\t<\/div>\n\t<\/div>\n<\/div>\n\n\n\n<div class=\"grid-block beige contacts\" id=\"block_a048c0c17c393f0958ca0af670b78395\">\n\t<div class='grid-block__wrapper page-width'>\n\n\t\t\t\t\t\t\t\t\t<h2 class='grid-block__title'>Kontaktieren Sie uns<\/h2>\n\t\t\t\t\t\n\t\t\t\t\t\n\t<ul class='grid-block__list'>\n\t\t\t\t\t\t\t\t\t\t\t\t\t\t\t\t\t<li class='grid-block__item'>\n\t\t\t\t\t\t\t\t\t<div class='grid-block__item__media'>\n\t\t\t\t\t\t<div class='grid-block__item__media-desk'>\n\t\t\t\t\t\t\t<img decoding=\"async\" src=\"https:\/\/www.maximilianhoefe.com\/wp-content\/uploads\/2024\/11\/9446cf9e4d9d14ec309746003ca09644-150x150.jpg\"\n\t\t\t\t\t\t\t\talt=\"Christian Bosiljanoff\">\n\t\t\t\t\t\t<\/div>\n\t\t\t\t\t<\/div>\n\t\t\t\t\t\t\t\t<div class='grid-block__item__content'>\n\t\t\t\t\t<p class='grid-block__item__name'>Christian Bosiljanoff<\/p>\n\t\t\t\t\t\t\t\t\t\t\t<p class='grid-block__item__position'>Senior Director of \r\nAsset Management <\/p>\n\t\t\t\t\t\t\t\t\t\t\t\t\t\t\t\t\t\t\t\t\t\t\t\t\t\t\t\t\t\t\t<a class='grid-block__item__email' href=\"mailto:christian.bosiljanoff@pembroke.com\">christian.bosiljanoff@pembroke.com<\/a>\n\t\t\t\t\t\t\t\t\t\t\t\t\t\t\t\t<div class='grid-block__item__actions'>\n\t\t\t\t\t\t\t\t\t\t\t\t\t\t\t\t\t\t\t\t\t\t\t\t\t\t\t\t\t\t\t\t\t\t\t\t\t\t\t\t\t\t\t\t\t\t\t\t<a\n\tclass=\" grid-block__item__btn button\"\n\thref=\"mailto:christian.bosiljanoff@pembroke.com\"\n\ttarget=\"_self\"\n\t>\n\tKontakt<\/a>\n\t\t\t\t\t\t\t\t\t\t\t\t\t\t\t\t\t\t\t\t\t<\/div>\n\t\t\t\t\t\t\t\t\t<\/div>\n\t\t\t<\/li>\n\t\t\t\t\t\t\t\t\t\t\t\t\t\t\t\t\t<li class='grid-block__item'>\n\t\t\t\t\t\t\t\t\t<div class='grid-block__item__media'>\n\t\t\t\t\t\t<div class='grid-block__item__media-desk'>\n\t\t\t\t\t\t\t<img decoding=\"async\" src=\"https:\/\/www.maximilianhoefe.com\/wp-content\/uploads\/2024\/11\/2023_03_14_COMBINE_Munchen-Barcsay-4426-1-150x150.jpg\"\n\t\t\t\t\t\t\t\talt=\"Konstantin von Barcsay-Amant\">\n\t\t\t\t\t\t<\/div>\n\t\t\t\t\t<\/div>\n\t\t\t\t\t\t\t\t<div class='grid-block__item__content'>\n\t\t\t\t\t<p class='grid-block__item__name'>Konstantin von Barcsay-Amant<\/p>\n\t\t\t\t\t\t\t\t\t\t\t<p class='grid-block__item__position'>Leasing Broker <\/p>\n\t\t\t\t\t\t\t\t\t\t\t\t\t\t\t\t\t\t\t\t\t\t\t\t\t\t\t\t\t\t\t<a class='grid-block__item__email' href=\"mailto:vonbarcsay@combine-transaction.com\">vonbarcsay@combine-transaction.com<\/a>\n\t\t\t\t\t\t\t\t\t\t\t\t\t\t\t\t<div class='grid-block__item__actions'>\n\t\t\t\t\t\t\t\t\t\t\t\t\t\t\t\t\t\t\t\t\t\t\t\t\t\t\t\t\t\t\t\t\t\t\t\t\t\t\t\t\t\t\t\t\t\t\t\t<a\n\tclass=\" grid-block__item__btn button\"\n\thref=\"http:\/\/maxi.loc\/index.php\/employee\/general-inquiries\/\"\n\ttarget=\"_self\"\n\t>\n\tKontakt<\/a>\n\t\t\t\t\t\t\t\t\t\t\t\t\t\t\t\t\t\t\t\t\t<\/div>\n\t\t\t\t\t\t\t\t\t<\/div>\n\t\t\t<\/li>\n\t\t\t<\/ul>\n\t\t\t<\/div>\n\n\t<div class='grid-block__shape-bg shape-bg'><\/div>\n\t<div class='grid-block__shape shape'>\n\t\t<div class='grid-block__shape__wrapper shape-wrapper'>\n\t\t\t<div class='small'><\/div>\n\t\t\t<div class='large'><\/div>\n\t\t<\/div>\n\t<\/div>\n<\/div>\n","protected":false},"excerpt":{"rendered":"","protected":false},"author":14,"featured_media":0,"parent":0,"menu_order":0,"comment_status":"closed","ping_status":"closed","template":"","meta":{"_acf_changed":false,"footnotes":""},"class_list":["post-1477","page","type-page","status-publish","hentry"],"acf":[],"yoast_head":"<!-- This site is optimized with the Yoast SEO plugin v27.4 - https:\/\/yoast.com\/product\/yoast-seo-wordpress\/ -->\n<title>Das Geb\u00e4ude - Maximilianh\u00f6fe<\/title>\n<meta name=\"robots\" content=\"index, follow, max-snippet:-1, max-image-preview:large, max-video-preview:-1\" \/>\n<link rel=\"canonical\" href=\"https:\/\/www.maximilianhoefe.com\/de\/gebaude\/\" \/>\n<meta property=\"og:locale\" content=\"de_DE\" \/>\n<meta property=\"og:type\" content=\"article\" \/>\n<meta property=\"og:title\" content=\"Das Geb\u00e4ude - Maximilianh\u00f6fe\" \/>\n<meta property=\"og:url\" content=\"https:\/\/www.maximilianhoefe.com\/de\/gebaude\/\" \/>\n<meta property=\"og:site_name\" content=\"Maximilianh\u00f6fe\" \/>\n<meta property=\"article:modified_time\" content=\"2025-08-21T11:35:35+00:00\" \/>\n<meta name=\"twitter:card\" content=\"summary_large_image\" \/>\n<script type=\"application\/ld+json\" class=\"yoast-schema-graph\">{\"@context\":\"https:\\\/\\\/schema.org\",\"@graph\":[{\"@type\":\"WebPage\",\"@id\":\"https:\\\/\\\/www.maximilianhoefe.com\\\/de\\\/gebaude\\\/\",\"url\":\"https:\\\/\\\/www.maximilianhoefe.com\\\/de\\\/gebaude\\\/\",\"name\":\"Das Geb\u00e4ude - Maximilianh\u00f6fe\",\"isPartOf\":{\"@id\":\"https:\\\/\\\/www.maximilianhoefe.com\\\/#website\"},\"datePublished\":\"2024-11-22T11:20:20+00:00\",\"dateModified\":\"2025-08-21T11:35:35+00:00\",\"breadcrumb\":{\"@id\":\"https:\\\/\\\/www.maximilianhoefe.com\\\/de\\\/gebaude\\\/#breadcrumb\"},\"inLanguage\":\"de\",\"potentialAction\":[{\"@type\":\"ReadAction\",\"target\":[\"https:\\\/\\\/www.maximilianhoefe.com\\\/de\\\/gebaude\\\/\"]}]},{\"@type\":\"BreadcrumbList\",\"@id\":\"https:\\\/\\\/www.maximilianhoefe.com\\\/de\\\/gebaude\\\/#breadcrumb\",\"itemListElement\":[{\"@type\":\"ListItem\",\"position\":1,\"name\":\"Home\",\"item\":\"https:\\\/\\\/www.maximilianhoefe.com\\\/de\\\/\"},{\"@type\":\"ListItem\",\"position\":2,\"name\":\"Das Geb\u00e4ude\"}]},{\"@type\":\"WebSite\",\"@id\":\"https:\\\/\\\/www.maximilianhoefe.com\\\/#website\",\"url\":\"https:\\\/\\\/www.maximilianhoefe.com\\\/\",\"name\":\"Maximilianh\u00f6fe\",\"description\":\"Welcome to the finest address in Germany\",\"publisher\":{\"@id\":\"https:\\\/\\\/www.maximilianhoefe.com\\\/#organization\"},\"potentialAction\":[{\"@type\":\"SearchAction\",\"target\":{\"@type\":\"EntryPoint\",\"urlTemplate\":\"https:\\\/\\\/www.maximilianhoefe.com\\\/?s={search_term_string}\"},\"query-input\":{\"@type\":\"PropertyValueSpecification\",\"valueRequired\":true,\"valueName\":\"search_term_string\"}}],\"inLanguage\":\"de\"},{\"@type\":\"Organization\",\"@id\":\"https:\\\/\\\/www.maximilianhoefe.com\\\/#organization\",\"name\":\"Pembroke Real Estate\",\"url\":\"https:\\\/\\\/www.maximilianhoefe.com\\\/\",\"logo\":{\"@type\":\"ImageObject\",\"inLanguage\":\"de\",\"@id\":\"https:\\\/\\\/www.maximilianhoefe.com\\\/#\\\/schema\\\/logo\\\/image\\\/\",\"url\":\"https:\\\/\\\/www.maximilianhoefe.com\\\/wp-content\\\/uploads\\\/2019\\\/12\\\/pembroke-logo-280x140.png\",\"contentUrl\":\"https:\\\/\\\/www.maximilianhoefe.com\\\/wp-content\\\/uploads\\\/2019\\\/12\\\/pembroke-logo-280x140.png\",\"width\":140,\"height\":69,\"caption\":\"Pembroke Real Estate\"},\"image\":{\"@id\":\"https:\\\/\\\/www.maximilianhoefe.com\\\/#\\\/schema\\\/logo\\\/image\\\/\"}}]}<\/script>\n<!-- \/ Yoast SEO plugin. -->","yoast_head_json":{"title":"Das Geb\u00e4ude - Maximilianh\u00f6fe","robots":{"index":"index","follow":"follow","max-snippet":"max-snippet:-1","max-image-preview":"max-image-preview:large","max-video-preview":"max-video-preview:-1"},"canonical":"https:\/\/www.maximilianhoefe.com\/de\/gebaude\/","og_locale":"de_DE","og_type":"article","og_title":"Das Geb\u00e4ude - Maximilianh\u00f6fe","og_url":"https:\/\/www.maximilianhoefe.com\/de\/gebaude\/","og_site_name":"Maximilianh\u00f6fe","article_modified_time":"2025-08-21T11:35:35+00:00","twitter_card":"summary_large_image","schema":{"@context":"https:\/\/schema.org","@graph":[{"@type":"WebPage","@id":"https:\/\/www.maximilianhoefe.com\/de\/gebaude\/","url":"https:\/\/www.maximilianhoefe.com\/de\/gebaude\/","name":"Das Geb\u00e4ude - Maximilianh\u00f6fe","isPartOf":{"@id":"https:\/\/www.maximilianhoefe.com\/#website"},"datePublished":"2024-11-22T11:20:20+00:00","dateModified":"2025-08-21T11:35:35+00:00","breadcrumb":{"@id":"https:\/\/www.maximilianhoefe.com\/de\/gebaude\/#breadcrumb"},"inLanguage":"de","potentialAction":[{"@type":"ReadAction","target":["https:\/\/www.maximilianhoefe.com\/de\/gebaude\/"]}]},{"@type":"BreadcrumbList","@id":"https:\/\/www.maximilianhoefe.com\/de\/gebaude\/#breadcrumb","itemListElement":[{"@type":"ListItem","position":1,"name":"Home","item":"https:\/\/www.maximilianhoefe.com\/de\/"},{"@type":"ListItem","position":2,"name":"Das Geb\u00e4ude"}]},{"@type":"WebSite","@id":"https:\/\/www.maximilianhoefe.com\/#website","url":"https:\/\/www.maximilianhoefe.com\/","name":"Maximilianh\u00f6fe","description":"Welcome to the finest address in Germany","publisher":{"@id":"https:\/\/www.maximilianhoefe.com\/#organization"},"potentialAction":[{"@type":"SearchAction","target":{"@type":"EntryPoint","urlTemplate":"https:\/\/www.maximilianhoefe.com\/?s={search_term_string}"},"query-input":{"@type":"PropertyValueSpecification","valueRequired":true,"valueName":"search_term_string"}}],"inLanguage":"de"},{"@type":"Organization","@id":"https:\/\/www.maximilianhoefe.com\/#organization","name":"Pembroke Real Estate","url":"https:\/\/www.maximilianhoefe.com\/","logo":{"@type":"ImageObject","inLanguage":"de","@id":"https:\/\/www.maximilianhoefe.com\/#\/schema\/logo\/image\/","url":"https:\/\/www.maximilianhoefe.com\/wp-content\/uploads\/2019\/12\/pembroke-logo-280x140.png","contentUrl":"https:\/\/www.maximilianhoefe.com\/wp-content\/uploads\/2019\/12\/pembroke-logo-280x140.png","width":140,"height":69,"caption":"Pembroke Real Estate"},"image":{"@id":"https:\/\/www.maximilianhoefe.com\/#\/schema\/logo\/image\/"}}]}},"_links":{"self":[{"href":"https:\/\/www.maximilianhoefe.com\/de\/wp-json\/wp\/v2\/pages\/1477","targetHints":{"allow":["GET"]}}],"collection":[{"href":"https:\/\/www.maximilianhoefe.com\/de\/wp-json\/wp\/v2\/pages"}],"about":[{"href":"https:\/\/www.maximilianhoefe.com\/de\/wp-json\/wp\/v2\/types\/page"}],"author":[{"embeddable":true,"href":"https:\/\/www.maximilianhoefe.com\/de\/wp-json\/wp\/v2\/users\/14"}],"replies":[{"embeddable":true,"href":"https:\/\/www.maximilianhoefe.com\/de\/wp-json\/wp\/v2\/comments?post=1477"}],"version-history":[{"count":17,"href":"https:\/\/www.maximilianhoefe.com\/de\/wp-json\/wp\/v2\/pages\/1477\/revisions"}],"predecessor-version":[{"id":1782,"href":"https:\/\/www.maximilianhoefe.com\/de\/wp-json\/wp\/v2\/pages\/1477\/revisions\/1782"}],"wp:attachment":[{"href":"https:\/\/www.maximilianhoefe.com\/de\/wp-json\/wp\/v2\/media?parent=1477"}],"curies":[{"name":"wp","href":"https:\/\/api.w.org\/{rel}","templated":true}]}}